{"id":30,"date":"2021-10-18T15:26:15","date_gmt":"2021-10-18T15:26:15","guid":{"rendered":"https:\/\/tonyhannya.com\/?page_id=30"},"modified":"2024-12-12T14:10:46","modified_gmt":"2024-12-12T14:10:46","slug":"about","status":"publish","type":"page","link":"https:\/\/tonyhannya.com\/es\/about\/","title":{"rendered":"Acerca de"},"content":{"rendered":"<div data-elementor-type=\"wp-page\" data-elementor-id=\"30\" class=\"elementor elementor-30\" data-elementor-post-type=\"page\">\n\t\t\t\t\t\t<section class=\"elementor-section elementor-top-section elementor-element elementor-element-b1a8c77 elementor-section-boxed elementor-section-height-default elementor-section-height-default\" data-id=\"b1a8c77\" data-element_type=\"section\" data-settings=\"{&quot;background_background&quot;:&quot;classic&quot;}\">\n\t\t\t\t\t\t<div class=\"elementor-container elementor-column-gap-default\">\n\t\t\t\t\t<div class=\"elementor-column elementor-col-100 elementor-top-column elementor-element elementor-element-f00229f\" data-id=\"f00229f\" data-element_type=\"column\">\n\t\t\t<div class=\"elementor-widget-wrap elementor-element-populated\">\n\t\t\t\t\t\t<div class=\"elementor-element elementor-element-5eefd83 elementor-widget elementor-widget-heading\" data-id=\"5eefd83\" data-element_type=\"widget\" data-widget_type=\"heading.default\">\n\t\t\t\t<div class=\"elementor-widget-container\">\n\t\t\t\t\t<h2 class=\"elementor-heading-title elementor-size-default\">Acerca de<\/h2>\t\t\t\t<\/div>\n\t\t\t\t<\/div>\n\t\t\t\t\t<\/div>\n\t\t<\/div>\n\t\t\t\t\t<\/div>\n\t\t<\/section>\n\t\t\t\t<section class=\"elementor-section elementor-top-section elementor-element elementor-element-e14d08a elementor-section-boxed elementor-section-height-default elementor-section-height-default\" data-id=\"e14d08a\" data-element_type=\"section\" data-settings=\"{&quot;background_background&quot;:&quot;classic&quot;}\">\n\t\t\t\t\t\t<div class=\"elementor-container elementor-column-gap-default\">\n\t\t\t\t\t<div class=\"elementor-column elementor-col-100 elementor-top-column elementor-element elementor-element-5e405c7\" data-id=\"5e405c7\" data-element_type=\"column\">\n\t\t\t<div class=\"elementor-widget-wrap elementor-element-populated\">\n\t\t\t\t\t\t<div class=\"elementor-element elementor-element-bd1f70a elementor-widget elementor-widget-text-editor\" data-id=\"bd1f70a\" data-element_type=\"widget\" data-widget_type=\"text-editor.default\">\n\t\t\t\t<div class=\"elementor-widget-container\">\n\t\t\t\t\t\t\t\t\t<p><strong>El desconocido hombre de negro: Tony Hannya, icono de la escena hard techno suiza<\/strong><\/p><p>Tony Hannya es uno de los DJ y productores m\u00e1s conocidos de Suiza y se ha establecido como un fijo en el movimiento hard techno con su inconfundible marca, la m\u00e1scara negra de samur\u00e1i. Su aura misteriosa y su singularidad musical le han convertido en un aut\u00e9ntico icono.<\/p><p>Musicalmente, Tony Hannya fusiona un techno industrial duro y agresivo con una oscura atm\u00f3sfera de terror y elementos schranz. Sus sesiones, llenas de energ\u00eda y sin concesiones, cautivan a un p\u00fablico entusiasta en todo el mundo.<\/p><p>Como residente del renombrado sello <strong>\"Roto con estilo\"<\/strong> el DJ y productor de Z\u00farich consigui\u00f3 posicionarse r\u00e1pidamente en la escena internacional del hard techno. Con su extraordinaria presencia esc\u00e9nica y su m\u00fasica caracter\u00edstica, se distingue claramente de otros artistas.<\/p><p>Pero a pesar de su creciente fama, Tony Hannya sigue siendo un enigma. Tan presente como est\u00e1 en los mayores escenarios del mundo, revela muy poco de su identidad. Ni siquiera los promotores y organizadores conocen el rostro que se esconde tras su ic\u00f3nica m\u00e1scara, un misterio que no hace sino reforzar su mito.<\/p>\t\t\t\t\t\t\t\t<\/div>\n\t\t\t\t<\/div>\n\t\t\t\t<div class=\"elementor-element elementor-element-710dc03 elementor-pagination-position-inside elementor-skin-carousel elementor-arrows-yes elementor-pagination-type-bullets elementor-widget elementor-widget-media-carousel\" data-id=\"710dc03\" data-element_type=\"widget\" data-settings=\"{&quot;skin&quot;:&quot;carousel&quot;,&quot;effect&quot;:&quot;slide&quot;,&quot;show_arrows&quot;:&quot;yes&quot;,&quot;pagination&quot;:&quot;bullets&quot;,&quot;speed&quot;:500,&quot;autoplay&quot;:&quot;yes&quot;,&quot;autoplay_speed&quot;:5000,&quot;loop&quot;:&quot;yes&quot;,&quot;pause_on_hover&quot;:&quot;yes&quot;,&quot;pause_on_interaction&quot;:&quot;yes&quot;,&quot;space_between&quot;:{&quot;unit&quot;:&quot;px&quot;,&quot;size&quot;:10,&quot;sizes&quot;:[]},&quot;space_between_tablet&quot;:{&quot;unit&quot;:&quot;px&quot;,&quot;size&quot;:10,&quot;sizes&quot;:[]},&quot;space_between_mobile&quot;:{&quot;unit&quot;:&quot;px&quot;,&quot;size&quot;:10,&quot;sizes&quot;:[]}}\" data-widget_type=\"media-carousel.default\">\n\t\t\t\t<div class=\"elementor-widget-container\">\n\t\t\t\t\t\t\t\t\t<div class=\"elementor-swiper\">\n\t\t\t\t\t<div class=\"elementor-main-swiper swiper\" role=\"region\" aria-roledescription=\"carousel\" aria-label=\"Diapositivas\">\n\t\t\t\t<div class=\"swiper-wrapper\">\n\t\t\t\t\t\t\t\t\t\t\t<div class=\"swiper-slide\" role=\"group\" aria-roledescription=\"slide\">\n\t\t\t\t\t\t\t\t\t<div class=\"elementor-carousel-image\" role=\"img\" aria-label=\"ecol\u00f3gico (1)\" style=\"background-image: url(&#039;https:\/\/tonyhannya.com\/wp-content\/uploads\/2024\/12\/bio-1.webp&#039;)\">\n\n\t\t\t\n\t\t\t\t\t<\/div>\n\t\t\t\t\t\t\t\t<\/div>\n\t\t\t\t\t\t\t\t\t<\/div>\n\t\t\t\t\t\t\t<\/div>\n\t\t\t\t<\/div>\n\t\t\t\t\t\t\t\t<\/div>\n\t\t\t\t<\/div>\n\t\t\t\t<div class=\"elementor-element elementor-element-f37fc3d elementor-widget elementor-widget-text-editor\" data-id=\"f37fc3d\" data-element_type=\"widget\" data-widget_type=\"text-editor.default\">\n\t\t\t\t<div class=\"elementor-widget-container\">\n\t\t\t\t\t\t\t\t\t<p><a href=\"\/index.php\">atr\u00e1s ...<\/a><\/p>\t\t\t\t\t\t\t\t<\/div>\n\t\t\t\t<\/div>\n\t\t\t\t\t<\/div>\n\t\t<\/div>\n\t\t\t\t\t<\/div>\n\t\t<\/section>\n\t\t\t\t<\/div>","protected":false},"excerpt":{"rendered":"<p>Sobre el desconocido de negro: Tony Hannya - Icono de la escena hard techno suiza Tony Hannya es uno de los DJ y productores m\u00e1s conocidos de Suiza y se ha establecido como un fijo en el movimiento hard techno con su inconfundible marca, la m\u00e1scara negra de samur\u00e1i. Su aura misteriosa y su singularidad musical le han convertido en un aut\u00e9ntico icono. Musicalmente [...]<\/p>","protected":false},"author":1,"featured_media":0,"parent":0,"menu_order":0,"comment_status":"closed","ping_status":"closed","template":"elementor_header_footer","meta":{"footnotes":""},"class_list":["post-30","page","type-page","status-publish","hentry"],"_links":{"self":[{"href":"https:\/\/tonyhannya.com\/es\/wp-json\/wp\/v2\/pages\/30","targetHints":{"allow":["GET"]}}],"collection":[{"href":"https:\/\/tonyhannya.com\/es\/wp-json\/wp\/v2\/pages"}],"about":[{"href":"https:\/\/tonyhannya.com\/es\/wp-json\/wp\/v2\/types\/page"}],"author":[{"embeddable":true,"href":"https:\/\/tonyhannya.com\/es\/wp-json\/wp\/v2\/users\/1"}],"replies":[{"embeddable":true,"href":"https:\/\/tonyhannya.com\/es\/wp-json\/wp\/v2\/comments?post=30"}],"version-history":[{"count":54,"href":"https:\/\/tonyhannya.com\/es\/wp-json\/wp\/v2\/pages\/30\/revisions"}],"predecessor-version":[{"id":407,"href":"https:\/\/tonyhannya.com\/es\/wp-json\/wp\/v2\/pages\/30\/revisions\/407"}],"wp:attachment":[{"href":"https:\/\/tonyhannya.com\/es\/wp-json\/wp\/v2\/media?parent=30"}],"curies":[{"name":"wp","href":"https:\/\/api.w.org\/{rel}","templated":true}]}}