{"id":470,"date":"2025-07-02T15:07:03","date_gmt":"2025-07-02T15:07:03","guid":{"rendered":"https:\/\/tonyhannya.com\/?post_type=product&#038;p=470"},"modified":"2025-07-08T13:45:34","modified_gmt":"2025-07-08T13:45:34","slug":"bomberjacke-htidkf-schwarz","status":"publish","type":"product","link":"https:\/\/tonyhannya.com\/es\/producto\/bomberjacke-htidkf-schwarz\/","title":{"rendered":"Cazadora HTIDKF - Negra"},"content":{"rendered":"<p data-start=\"187\" data-end=\"541\"><strong data-start=\"187\" data-end=\"211\">Descripci\u00f3n del producto:<\/strong><br data-start=\"211\" data-end=\"214\" \/>\u00bfListo para un look sin concesiones? Haz una clara declaraci\u00f3n de intenciones con esta cazadora bomber negra: <strong data-start=\"315\" data-end=\"349\">\"HARD TECHNO IN YOUR FACE!!!\"<\/strong> - bordado en llamativas letras blancas en el pecho. La chaqueta combina el estilo urbano de la calle con una oscura est\u00e9tica tecno. Perfecta para raves, clubs o tu intransigente d\u00eda a d\u00eda.<\/p>\n<ul data-start=\"543\" data-end=\"928\">\n<li data-start=\"543\" data-end=\"582\">\n<p data-start=\"545\" data-end=\"582\">Superficie de nailon robusta y brillante<\/p>\n<\/li>\n<li data-start=\"583\" data-end=\"626\">\n<p data-start=\"585\" data-end=\"626\">Interior ligeramente forrado para mayor comodidad<\/p>\n<\/li>\n<li data-start=\"627\" data-end=\"680\">\n<p data-start=\"629\" data-end=\"680\">Chaqueta bomber de corte cl\u00e1sico con pu\u00f1os de canal\u00e9<\/p>\n<\/li>\n<li data-start=\"681\" data-end=\"732\">\n<p data-start=\"683\" data-end=\"732\">Cremallera frontal y bolsillos laterales<\/p>\n<\/li>\n<li data-start=\"733\" data-end=\"759\">\n<p data-start=\"735\" data-end=\"759\">Bolsillo en la manga con cremallera<\/p>\n<\/li>\n<li data-start=\"760\" data-end=\"829\">\n<p data-start=\"762\" data-end=\"829\">Letras bordadas, no impresas: duraderas y de alta calidad<\/p>\n<\/li>\n<li data-start=\"830\" data-end=\"887\">\n<p data-start=\"832\" data-end=\"887\">Capucha de mezcla de algod\u00f3n para m\u00e1s estilo y calidez<\/p>\n<\/li>\n<li data-start=\"888\" data-end=\"928\">\n<p data-start=\"890\" data-end=\"928\">Unisex - para todos los que se sienten tecno<\/p>\n<\/li>\n<\/ul>\n<p data-start=\"930\" data-end=\"1040\"><strong data-start=\"930\" data-end=\"945\">Consejo de estilo:<\/strong> Combina la chaqueta con pantalones negros, botas y una m\u00e1scara para conseguir el look raver definitivo.<\/p>\n<p data-start=\"1042\" data-end=\"1122\"><strong data-start=\"1042\" data-end=\"1055\">Material:<\/strong><br data-start=\"1055\" data-end=\"1058\" \/>100% nailon (exterior), 100% poli\u00e9ster (forro), capucha: mezcla de algod\u00f3n<\/p>\n<p data-start=\"1124\" data-end=\"1217\"><strong data-start=\"1124\" data-end=\"1142\">Instrucciones de cuidado:<\/strong><br data-start=\"1142\" data-end=\"1145\" \/>Lavable a m\u00e1quina a 30\u00b0C - del rev\u00e9s para proteger el bordado.<\/p>","protected":false},"excerpt":{"rendered":"<p><strong data-start=\"122\" data-end=\"178\">Bomberjacke &#8222;Hard Techno in die Fresse!!!&#8220; \u2013 Schwarz<\/strong><br data-start=\"178\" data-end=\"181\" \/>\u00a1Esta chaqueta grita tecno! Cazadora bomber negra con bordado en la parte delantera para un aut\u00e9ntico ambiente rave. Nylon resistente, pu\u00f1os de canal\u00e9 y capucha: elegante, llamativa y sin concesiones.<\/p>","protected":false},"featured_media":515,"comment_status":"open","ping_status":"closed","template":"","meta":[],"product_brand":[],"product_cat":[27,21,26],"product_tag":[],"class_list":{"0":"post-470","1":"product","2":"type-product","3":"status-publish","4":"has-post-thumbnail","6":"product_cat-men","7":"product_cat-unisex","8":"product_cat-women","10":"first","11":"instock","12":"shipping-taxable","13":"purchasable","14":"product-type-variable"},"_links":{"self":[{"href":"https:\/\/tonyhannya.com\/es\/wp-json\/wp\/v2\/product\/470","targetHints":{"allow":["GET"]}}],"collection":[{"href":"https:\/\/tonyhannya.com\/es\/wp-json\/wp\/v2\/product"}],"about":[{"href":"https:\/\/tonyhannya.com\/es\/wp-json\/wp\/v2\/types\/product"}],"replies":[{"embeddable":true,"href":"https:\/\/tonyhannya.com\/es\/wp-json\/wp\/v2\/comments?post=470"}],"wp:featuredmedia":[{"embeddable":true,"href":"https:\/\/tonyhannya.com\/es\/wp-json\/wp\/v2\/media\/515"}],"wp:attachment":[{"href":"https:\/\/tonyhannya.com\/es\/wp-json\/wp\/v2\/media?parent=470"}],"wp:term":[{"taxonomy":"product_brand","embeddable":true,"href":"https:\/\/tonyhannya.com\/es\/wp-json\/wp\/v2\/product_brand?post=470"},{"taxonomy":"product_cat","embeddable":true,"href":"https:\/\/tonyhannya.com\/es\/wp-json\/wp\/v2\/product_cat?post=470"},{"taxonomy":"product_tag","embeddable":true,"href":"https:\/\/tonyhannya.com\/es\/wp-json\/wp\/v2\/product_tag?post=470"}],"curies":[{"name":"wp","href":"https:\/\/api.w.org\/{rel}","templated":true}]}}