{"id":539,"date":"2025-07-08T13:46:25","date_gmt":"2025-07-08T13:46:25","guid":{"rendered":"https:\/\/tonyhannya.com\/?post_type=product&#038;p=539"},"modified":"2025-07-11T12:44:37","modified_gmt":"2025-07-11T12:44:37","slug":"hoodie-htidf-schwarz","status":"publish","type":"product","link":"https:\/\/tonyhannya.com\/es\/producto\/hoodie-htidf-schwarz\/","title":{"rendered":"Sudadera con capucha HTIDF - Negra"},"content":{"rendered":"<h3 data-start=\"157\" data-end=\"185\"><strong data-start=\"161\" data-end=\"185\">Descripci\u00f3n del producto:<\/strong><\/h3>\n<p data-start=\"187\" data-end=\"510\">Listo para el bajo, listo para anuncios claros.<br data-start=\"233\" data-end=\"236\" \/>Con el <em data-start=\"244\" data-end=\"283\">\"Sudadera con capucha \"F HARD TECHNO IN DIE FRESSE<\/em>* no solo das calor - das actitud.<br data-start=\"328\" data-end=\"331\" \/>La palanca delantera grita lo que se siente: sin concesiones, sin chasquidos, s\u00f3lo presi\u00f3n.<br data-start=\"408\" data-end=\"411\" \/>Esta sudadera con capucha es para todos los que viven de noche, sudan y no quieren explicar lo que defienden.<\/p>\n<ul data-start=\"512\" data-end=\"953\">\n<li data-start=\"512\" data-end=\"570\">\n<p data-start=\"514\" data-end=\"570\">Mezcla de algod\u00f3n suave y grueso para el m\u00e1ximo confort<\/p>\n<\/li>\n<li data-start=\"571\" data-end=\"638\">\n<p data-start=\"573\" data-end=\"638\">\"\u00a1\u00a1\u00a1F* HARD TECHNO IN YOUR FACE!!!\" - audazmente bordado<\/p>\n<\/li>\n<li data-start=\"639\" data-end=\"712\">\n<p data-start=\"641\" data-end=\"712\">Corte oversize informal con hombros ca\u00eddos para el club o el asfalto<\/p>\n<\/li>\n<li data-start=\"713\" data-end=\"765\">\n<p data-start=\"715\" data-end=\"765\">Capucha con cord\u00f3n: preparada para el viento y la locura<\/p>\n<\/li>\n<li data-start=\"766\" data-end=\"806\">\n<p data-start=\"768\" data-end=\"806\">Pu\u00f1os y dobladillo el\u00e1sticos<\/p>\n<\/li>\n<li data-start=\"807\" data-end=\"853\">\n<p data-start=\"809\" data-end=\"853\">Bolsillo canguro en la parte delantera: pr\u00e1ctico y elegante<\/p>\n<\/li>\n<li data-start=\"854\" data-end=\"906\">\n<p data-start=\"856\" data-end=\"906\">Bordado de alta calidad: sin impresi\u00f3n ni decoloraci\u00f3n<\/p>\n<\/li>\n<li data-start=\"907\" data-end=\"953\">\n<p data-start=\"909\" data-end=\"953\">Unisex - porque el techno no necesita g\u00e9nero<\/p>\n<\/li>\n<\/ul>\n<h3 data-start=\"960\" data-end=\"981\"><strong data-start=\"964\" data-end=\"979\">Consejo de estilo:<\/strong><\/h3>\n<p data-start=\"982\" data-end=\"1098\">Combina la sudadera con joggers negros o pantalones cargo, botas y actitud. Si quieres: m\u00e1scara puesta, mundo fuera.<\/p>\n<h3 data-start=\"1105\" data-end=\"1124\"><strong data-start=\"1109\" data-end=\"1122\">Material:<\/strong><\/h3>\n<p data-start=\"1125\" data-end=\"1181\">80 % algod\u00f3n, 20 % poli\u00e9ster - suave, c\u00e1lido, dimensionalmente estable<\/p>\n<h3 data-start=\"1188\" data-end=\"1212\"><strong data-start=\"1192\" data-end=\"1210\">Instrucciones de cuidado:<\/strong><\/h3>\n<p data-start=\"1213\" data-end=\"1336\">Lavable a m\u00e1quina a 30 \u00b0C - lavar del rev\u00e9s, no planchar, no secar en secadora. Eres fuerte: tu sudadera debe seguir si\u00e9ndolo.<\/p>","protected":false},"excerpt":{"rendered":"<h3 data-start=\"121\" data-end=\"181\"><strong data-start=\"125\" data-end=\"181\">Chaqueta bomber \"\u00a1\u00a1\u00a1Tecno duro en tu cara!!!\" - Negro<\/strong><\/h3>\n<p data-start=\"183\" data-end=\"376\">Esta chaqueta grita tecno.<br data-start=\"210\" data-end=\"213\" \/>Negro. Fuerte. Inconfundible.<br data-start=\"247\" data-end=\"250\" \/>Gestickter Frontschriftzug, robuster Nylonstoff, Rippb\u00fcndchen &amp; Kapuze.<br data-start=\"321\" data-end=\"324\" \/><strong data-start=\"324\" data-end=\"376\">F\u00fcr echten Rave-Vibe \u2013 kompromisslos &amp; stylisch.<\/strong><\/p>","protected":false},"featured_media":544,"comment_status":"open","ping_status":"closed","template":"","meta":[],"product_brand":[],"product_cat":[27,21,26],"product_tag":[],"class_list":{"0":"post-539","1":"product","2":"type-product","3":"status-publish","4":"has-post-thumbnail","6":"product_cat-men","7":"product_cat-unisex","8":"product_cat-women","10":"first","11":"instock","12":"shipping-taxable","13":"purchasable","14":"product-type-variable"},"_links":{"self":[{"href":"https:\/\/tonyhannya.com\/es\/wp-json\/wp\/v2\/product\/539","targetHints":{"allow":["GET"]}}],"collection":[{"href":"https:\/\/tonyhannya.com\/es\/wp-json\/wp\/v2\/product"}],"about":[{"href":"https:\/\/tonyhannya.com\/es\/wp-json\/wp\/v2\/types\/product"}],"replies":[{"embeddable":true,"href":"https:\/\/tonyhannya.com\/es\/wp-json\/wp\/v2\/comments?post=539"}],"wp:featuredmedia":[{"embeddable":true,"href":"https:\/\/tonyhannya.com\/es\/wp-json\/wp\/v2\/media\/544"}],"wp:attachment":[{"href":"https:\/\/tonyhannya.com\/es\/wp-json\/wp\/v2\/media?parent=539"}],"wp:term":[{"taxonomy":"product_brand","embeddable":true,"href":"https:\/\/tonyhannya.com\/es\/wp-json\/wp\/v2\/product_brand?post=539"},{"taxonomy":"product_cat","embeddable":true,"href":"https:\/\/tonyhannya.com\/es\/wp-json\/wp\/v2\/product_cat?post=539"},{"taxonomy":"product_tag","embeddable":true,"href":"https:\/\/tonyhannya.com\/es\/wp-json\/wp\/v2\/product_tag?post=539"}],"curies":[{"name":"wp","href":"https:\/\/api.w.org\/{rel}","templated":true}]}}