{"id":30,"date":"2021-10-18T15:26:15","date_gmt":"2021-10-18T15:26:15","guid":{"rendered":"https:\/\/tonyhannya.com\/?page_id=30"},"modified":"2024-12-12T14:10:46","modified_gmt":"2024-12-12T14:10:46","slug":"about","status":"publish","type":"page","link":"https:\/\/tonyhannya.com\/fr\/about\/","title":{"rendered":"\u00c0 propos de"},"content":{"rendered":"<div data-elementor-type=\"wp-page\" data-elementor-id=\"30\" class=\"elementor elementor-30\" data-elementor-post-type=\"page\">\n\t\t\t\t\t\t<section class=\"elementor-section elementor-top-section elementor-element elementor-element-b1a8c77 elementor-section-boxed elementor-section-height-default elementor-section-height-default\" data-id=\"b1a8c77\" data-element_type=\"section\" data-settings=\"{&quot;background_background&quot;:&quot;classic&quot;}\">\n\t\t\t\t\t\t<div class=\"elementor-container elementor-column-gap-default\">\n\t\t\t\t\t<div class=\"elementor-column elementor-col-100 elementor-top-column elementor-element elementor-element-f00229f\" data-id=\"f00229f\" data-element_type=\"column\">\n\t\t\t<div class=\"elementor-widget-wrap elementor-element-populated\">\n\t\t\t\t\t\t<div class=\"elementor-element elementor-element-5eefd83 elementor-widget elementor-widget-heading\" data-id=\"5eefd83\" data-element_type=\"widget\" data-widget_type=\"heading.default\">\n\t\t\t\t<div class=\"elementor-widget-container\">\n\t\t\t\t\t<h2 class=\"elementor-heading-title elementor-size-default\">\u00c0 propos de<\/h2>\t\t\t\t<\/div>\n\t\t\t\t<\/div>\n\t\t\t\t\t<\/div>\n\t\t<\/div>\n\t\t\t\t\t<\/div>\n\t\t<\/section>\n\t\t\t\t<section class=\"elementor-section elementor-top-section elementor-element elementor-element-e14d08a elementor-section-boxed elementor-section-height-default elementor-section-height-default\" data-id=\"e14d08a\" data-element_type=\"section\" data-settings=\"{&quot;background_background&quot;:&quot;classic&quot;}\">\n\t\t\t\t\t\t<div class=\"elementor-container elementor-column-gap-default\">\n\t\t\t\t\t<div class=\"elementor-column elementor-col-100 elementor-top-column elementor-element elementor-element-5e405c7\" data-id=\"5e405c7\" data-element_type=\"column\">\n\t\t\t<div class=\"elementor-widget-wrap elementor-element-populated\">\n\t\t\t\t\t\t<div class=\"elementor-element elementor-element-bd1f70a elementor-widget elementor-widget-text-editor\" data-id=\"bd1f70a\" data-element_type=\"widget\" data-widget_type=\"text-editor.default\">\n\t\t\t\t<div class=\"elementor-widget-container\">\n\t\t\t\t\t\t\t\t\t<p><strong>L'inconnu en noir : Tony Hannya - ic\u00f4ne de la sc\u00e8ne hard-techno suisse<\/strong><\/p><p>Tony Hannya compte parmi les DJ et producteurs les plus connus de Suisse et s'est impos\u00e9 comme une figure incontournable du mouvement hard-techno gr\u00e2ce \u00e0 sa marque distinctive, le masque de samoura\u00ef noir. Son aura myst\u00e9rieuse et sa singularit\u00e9 musicale ont fait de lui une v\u00e9ritable ic\u00f4ne.<\/p><p>Musicalement, Tony Hannya fusionne une techno industrielle dure et agressive avec une atmosph\u00e8re d'horreur sombre et des \u00e9l\u00e9ments de schranz entra\u00eenants. Ses sets sont \u00e9nergiques, sans compromis et attirent un public enthousiaste dans le monde entier.<\/p><p>En tant que r\u00e9sident du prestigieux label <strong>\"Kaputt avec style\"<\/strong> le DJ et producteur zurichois a r\u00e9ussi \u00e0 se positionner rapidement sur la sc\u00e8ne internationale de la hard-techno. Gr\u00e2ce \u00e0 une pr\u00e9sence sc\u00e9nique exceptionnelle et \u00e0 sa musique caract\u00e9ristique, il se d\u00e9marque clairement des autres artistes.<\/p><p>Mais malgr\u00e9 sa c\u00e9l\u00e9brit\u00e9 croissante, Tony Hannya reste une \u00e9nigme. Aussi pr\u00e9sent qu'il soit sur les grandes sc\u00e8nes du monde, il ne r\u00e9v\u00e8le que tr\u00e8s peu de son identit\u00e9. M\u00eame les promoteurs et les organisateurs ne connaissent pas le visage qui se cache derri\u00e8re le masque embl\u00e9matique - un myst\u00e8re qui ne fait que renforcer son mythe.<\/p>\t\t\t\t\t\t\t\t<\/div>\n\t\t\t\t<\/div>\n\t\t\t\t<div class=\"elementor-element elementor-element-710dc03 elementor-pagination-position-inside elementor-skin-carousel elementor-arrows-yes elementor-pagination-type-bullets elementor-widget elementor-widget-media-carousel\" data-id=\"710dc03\" data-element_type=\"widget\" data-settings=\"{&quot;skin&quot;:&quot;carousel&quot;,&quot;effect&quot;:&quot;slide&quot;,&quot;show_arrows&quot;:&quot;yes&quot;,&quot;pagination&quot;:&quot;bullets&quot;,&quot;speed&quot;:500,&quot;autoplay&quot;:&quot;yes&quot;,&quot;autoplay_speed&quot;:5000,&quot;loop&quot;:&quot;yes&quot;,&quot;pause_on_hover&quot;:&quot;yes&quot;,&quot;pause_on_interaction&quot;:&quot;yes&quot;,&quot;space_between&quot;:{&quot;unit&quot;:&quot;px&quot;,&quot;size&quot;:10,&quot;sizes&quot;:[]},&quot;space_between_tablet&quot;:{&quot;unit&quot;:&quot;px&quot;,&quot;size&quot;:10,&quot;sizes&quot;:[]},&quot;space_between_mobile&quot;:{&quot;unit&quot;:&quot;px&quot;,&quot;size&quot;:10,&quot;sizes&quot;:[]}}\" data-widget_type=\"media-carousel.default\">\n\t\t\t\t<div class=\"elementor-widget-container\">\n\t\t\t\t\t\t\t\t\t<div class=\"elementor-swiper\">\n\t\t\t\t\t<div class=\"elementor-main-swiper swiper\" role=\"region\" aria-roledescription=\"carousel\" aria-label=\"Diapositive\">\n\t\t\t\t<div class=\"swiper-wrapper\">\n\t\t\t\t\t\t\t\t\t\t\t<div class=\"swiper-slide\" role=\"group\" aria-roledescription=\"slide\">\n\t\t\t\t\t\t\t\t\t<div class=\"elementor-carousel-image\" role=\"img\" aria-label=\"bio (1)\" style=\"background-image: url(&#039;https:\/\/tonyhannya.com\/wp-content\/uploads\/2024\/12\/bio-1.webp&#039;)\">\n\n\t\t\t\n\t\t\t\t\t<\/div>\n\t\t\t\t\t\t\t\t<\/div>\n\t\t\t\t\t\t\t\t\t<\/div>\n\t\t\t\t\t\t\t<\/div>\n\t\t\t\t<\/div>\n\t\t\t\t\t\t\t\t<\/div>\n\t\t\t\t<\/div>\n\t\t\t\t<div class=\"elementor-element elementor-element-f37fc3d elementor-widget elementor-widget-text-editor\" data-id=\"f37fc3d\" data-element_type=\"widget\" data-widget_type=\"text-editor.default\">\n\t\t\t\t<div class=\"elementor-widget-container\">\n\t\t\t\t\t\t\t\t\t<p><a href=\"\/index.php\">retour ...<\/a><\/p>\t\t\t\t\t\t\t\t<\/div>\n\t\t\t\t<\/div>\n\t\t\t\t\t<\/div>\n\t\t<\/div>\n\t\t\t\t\t<\/div>\n\t\t<\/section>\n\t\t\t\t<\/div>","protected":false},"excerpt":{"rendered":"<p>About L'inconnu en noir : Tony Hannya - ic\u00f4ne de la sc\u00e8ne hard-techno suisse Tony Hannya compte parmi les DJ et producteurs les plus connus de Suisse et s'est impos\u00e9 comme une figure incontournable du mouvement hard-techno gr\u00e2ce \u00e0 sa marque distinctive, le masque de samoura\u00ef noir. Son aura myst\u00e9rieuse et sa singularit\u00e9 musicale ont fait de lui une v\u00e9ritable ic\u00f4ne. Musicalement, [...]<\/p>","protected":false},"author":1,"featured_media":0,"parent":0,"menu_order":0,"comment_status":"closed","ping_status":"closed","template":"elementor_header_footer","meta":{"footnotes":""},"class_list":["post-30","page","type-page","status-publish","hentry"],"_links":{"self":[{"href":"https:\/\/tonyhannya.com\/fr\/wp-json\/wp\/v2\/pages\/30","targetHints":{"allow":["GET"]}}],"collection":[{"href":"https:\/\/tonyhannya.com\/fr\/wp-json\/wp\/v2\/pages"}],"about":[{"href":"https:\/\/tonyhannya.com\/fr\/wp-json\/wp\/v2\/types\/page"}],"author":[{"embeddable":true,"href":"https:\/\/tonyhannya.com\/fr\/wp-json\/wp\/v2\/users\/1"}],"replies":[{"embeddable":true,"href":"https:\/\/tonyhannya.com\/fr\/wp-json\/wp\/v2\/comments?post=30"}],"version-history":[{"count":54,"href":"https:\/\/tonyhannya.com\/fr\/wp-json\/wp\/v2\/pages\/30\/revisions"}],"predecessor-version":[{"id":407,"href":"https:\/\/tonyhannya.com\/fr\/wp-json\/wp\/v2\/pages\/30\/revisions\/407"}],"wp:attachment":[{"href":"https:\/\/tonyhannya.com\/fr\/wp-json\/wp\/v2\/media?parent=30"}],"curies":[{"name":"wp","href":"https:\/\/api.w.org\/{rel}","templated":true}]}}