{"id":470,"date":"2025-07-02T15:07:03","date_gmt":"2025-07-02T15:07:03","guid":{"rendered":"https:\/\/tonyhannya.com\/?post_type=product&#038;p=470"},"modified":"2025-07-08T13:45:34","modified_gmt":"2025-07-08T13:45:34","slug":"bomberjacke-htidkf-schwarz","status":"publish","type":"product","link":"https:\/\/tonyhannya.com\/fr\/produit\/bomberjacke-htidkf-schwarz\/","title":{"rendered":"Blouson bomber HTIDKF - Noir"},"content":{"rendered":"<p data-start=\"187\" data-end=\"541\"><strong data-start=\"187\" data-end=\"211\">Description du produit :<\/strong><br data-start=\"211\" data-end=\"214\" \/>Pr\u00eat pour un look sans compromis ? Avec ce blouson bomber noir, tu fais une d\u00e9claration claire : <strong data-start=\"315\" data-end=\"349\">\"HARD TECHNO DANS LA GUEULE !!!\"<\/strong> - brod\u00e9 en caract\u00e8res blancs distinctifs sur la poitrine. La veste combine le style urbain de la rue avec une esth\u00e9tique techno sombre. Parfait pour les raves, les clubs ou ton quotidien sans compromis.<\/p>\n<ul data-start=\"543\" data-end=\"928\">\n<li data-start=\"543\" data-end=\"582\">\n<p data-start=\"545\" data-end=\"582\">Surface en nylon robuste et brillante<\/p>\n<\/li>\n<li data-start=\"583\" data-end=\"626\">\n<p data-start=\"585\" data-end=\"626\">Int\u00e9rieur l\u00e9g\u00e8rement doubl\u00e9 pour le confort<\/p>\n<\/li>\n<li data-start=\"627\" data-end=\"680\">\n<p data-start=\"629\" data-end=\"680\">Coupe classique du blouson bomber avec bords-c\u00f4tes<\/p>\n<\/li>\n<li data-start=\"681\" data-end=\"732\">\n<p data-start=\"683\" data-end=\"732\">Zip frontal &amp; poches lat\u00e9rales<\/p>\n<\/li>\n<li data-start=\"733\" data-end=\"759\">\n<p data-start=\"735\" data-end=\"759\">Poche sur la manche avec fermeture \u00e9clair<\/p>\n<\/li>\n<li data-start=\"760\" data-end=\"829\">\n<p data-start=\"762\" data-end=\"829\">Inscription brod\u00e9e et non imprim\u00e9e - durable et de grande qualit\u00e9<\/p>\n<\/li>\n<li data-start=\"830\" data-end=\"887\">\n<p data-start=\"832\" data-end=\"887\">Capuche en coton m\u00e9lang\u00e9 pour plus de style et de chaleur<\/p>\n<\/li>\n<li data-start=\"888\" data-end=\"928\">\n<p data-start=\"890\" data-end=\"928\">Unisexe - pour tous ceux qui ressentent la techno<\/p>\n<\/li>\n<\/ul>\n<p data-start=\"930\" data-end=\"1040\"><strong data-start=\"930\" data-end=\"945\">Conseil de style :<\/strong> Combine cette veste avec un pantalon noir, des bottes et un masque pour un look raver ultime.<\/p>\n<p data-start=\"1042\" data-end=\"1122\"><strong data-start=\"1042\" data-end=\"1055\">mat\u00e9riel :<\/strong><br data-start=\"1055\" data-end=\"1058\" \/>100% nylon (ext\u00e9rieur), 100% polyester (doublure), capuche : m\u00e9lange de coton<\/p>\n<p data-start=\"1124\" data-end=\"1217\"><strong data-start=\"1124\" data-end=\"1142\">Conseils d'entretien :<\/strong><br data-start=\"1142\" data-end=\"1145\" \/>Lavable en machine \u00e0 30\u00b0C - tourner \u00e0 l'envers pour prot\u00e9ger la broderie.<\/p>","protected":false},"excerpt":{"rendered":"<p><strong data-start=\"122\" data-end=\"178\">Bomberjacke &#8222;Hard Techno in die Fresse!!!&#8220; \u2013 Schwarz<\/strong><br data-start=\"178\" data-end=\"181\" \/>Diese Jacke schreit Techno! Schwarze Bomberjacke mit gesticktem Frontstatement f\u00fcr echten Rave-Vibe. Robustes Nylon, Rippb\u00fcndchen, Kapuze \u2013 stylisch, laut und kompromisslos.<\/p>","protected":false},"featured_media":515,"comment_status":"open","ping_status":"closed","template":"","meta":[],"product_brand":[],"product_cat":[27,21,26],"product_tag":[],"class_list":{"0":"post-470","1":"product","2":"type-product","3":"status-publish","4":"has-post-thumbnail","6":"product_cat-men","7":"product_cat-unisex","8":"product_cat-women","10":"first","11":"instock","12":"shipping-taxable","13":"purchasable","14":"product-type-variable"},"_links":{"self":[{"href":"https:\/\/tonyhannya.com\/fr\/wp-json\/wp\/v2\/product\/470","targetHints":{"allow":["GET"]}}],"collection":[{"href":"https:\/\/tonyhannya.com\/fr\/wp-json\/wp\/v2\/product"}],"about":[{"href":"https:\/\/tonyhannya.com\/fr\/wp-json\/wp\/v2\/types\/product"}],"replies":[{"embeddable":true,"href":"https:\/\/tonyhannya.com\/fr\/wp-json\/wp\/v2\/comments?post=470"}],"wp:featuredmedia":[{"embeddable":true,"href":"https:\/\/tonyhannya.com\/fr\/wp-json\/wp\/v2\/media\/515"}],"wp:attachment":[{"href":"https:\/\/tonyhannya.com\/fr\/wp-json\/wp\/v2\/media?parent=470"}],"wp:term":[{"taxonomy":"product_brand","embeddable":true,"href":"https:\/\/tonyhannya.com\/fr\/wp-json\/wp\/v2\/product_brand?post=470"},{"taxonomy":"product_cat","embeddable":true,"href":"https:\/\/tonyhannya.com\/fr\/wp-json\/wp\/v2\/product_cat?post=470"},{"taxonomy":"product_tag","embeddable":true,"href":"https:\/\/tonyhannya.com\/fr\/wp-json\/wp\/v2\/product_tag?post=470"}],"curies":[{"name":"wp","href":"https:\/\/api.w.org\/{rel}","templated":true}]}}