{"id":554,"date":"2025-07-09T06:14:41","date_gmt":"2025-07-09T06:14:41","guid":{"rendered":"https:\/\/tonyhannya.com\/?post_type=product&#038;p=554"},"modified":"2025-07-11T12:44:19","modified_gmt":"2025-07-11T12:44:19","slug":"hoodie-swn-schwarz","status":"publish","type":"product","link":"https:\/\/tonyhannya.com\/fr\/produit\/hoodie-swn-schwarz\/","title":{"rendered":"Hoodie SWN - Noir"},"content":{"rendered":"<h3 data-start=\"125\" data-end=\"153\"><strong data-start=\"129\" data-end=\"153\">Description du produit :<\/strong><\/h3>\n<p data-start=\"155\" data-end=\"477\">Pr\u00eat pour la route, pr\u00eat pour le regard qui dit : laisse tomber.<br data-start=\"218\" data-end=\"221\" \/>Avec le <strong data-start=\"229\" data-end=\"263\">\"Hoody \"SWN - Quelque chose ne va pas<\/strong> tu portes sur ta poitrine ce sentiment que beaucoup ont - mais que personne ne dit.<br data-start=\"341\" data-end=\"344\" \/>Ce sweat \u00e0 capuche est plus qu'un simple v\u00eatement. C'est une d\u00e9claration pour tous ceux qui voient ce qui ne va pas - et qui continuent malgr\u00e9 tout.<\/p>\n<ul data-start=\"479\" data-end=\"934\">\n<li data-start=\"479\" data-end=\"537\">\n<p data-start=\"481\" data-end=\"537\">M\u00e9lange de coton doux et \u00e9pais pour un confort maximal<\/p>\n<\/li>\n<li data-start=\"538\" data-end=\"600\">\n<p data-start=\"540\" data-end=\"600\"><strong data-start=\"540\" data-end=\"568\">\"SWN - Quelque chose ne va pas\"<\/strong> - brod\u00e9 en gras<\/p>\n<\/li>\n<li data-start=\"601\" data-end=\"668\">\n<p data-start=\"603\" data-end=\"668\">Coupe oversize d\u00e9contract\u00e9e avec drop shoulder - rebelle et confortable<\/p>\n<\/li>\n<li data-start=\"669\" data-end=\"734\">\n<p data-start=\"671\" data-end=\"734\">Capuche avec cordon de serrage - parfait pour les jours gris &amp; les attitudes claires<\/p>\n<\/li>\n<li data-start=\"735\" data-end=\"775\">\n<p data-start=\"737\" data-end=\"775\">Poignets et ourlet \u00e9lastiques<\/p>\n<\/li>\n<li data-start=\"776\" data-end=\"832\">\n<p data-start=\"778\" data-end=\"832\">Poche kangourou \u00e0 l'avant - pour les mains, l'avis et les petites choses<\/p>\n<\/li>\n<li data-start=\"886\" data-end=\"934\">\n<p data-start=\"888\" data-end=\"934\">Unisexe - parce que l'attitude n'a pas besoin d'un groupe cible<\/p>\n<\/li>\n<\/ul>\n<h3 data-start=\"941\" data-end=\"962\"><strong data-start=\"945\" data-end=\"960\">Conseil de style :<\/strong><\/h3>\n<p data-start=\"963\" data-end=\"1074\">Porte-le avec un jean noir, des combat boots et des lunettes de soleil noires - tu n'as pas besoin de faire du bruit pour te faire remarquer.<\/p>\n<h3 data-start=\"1081\" data-end=\"1100\"><strong data-start=\"1085\" data-end=\"1098\">mat\u00e9riel :<\/strong><\/h3>\n<p data-start=\"1101\" data-end=\"1157\">80 % coton, 20 % polyester - doux, chaud, ind\u00e9formable<\/p>\n<h3 data-start=\"1164\" data-end=\"1188\"><strong data-start=\"1168\" data-end=\"1186\">Conseils d'entretien :<\/strong><\/h3>\n<p data-start=\"1189\" data-end=\"1297\">Lavage en machine \u00e0 30 \u00b0C - tourner sur l'envers, ne pas repasser la broderie, pas de s\u00e8che-linge. Le message reste - la forme aussi.<\/p>","protected":false},"excerpt":{"rendered":"<h3 data-start=\"119\" data-end=\"168\"><strong data-start=\"123\" data-end=\"168\">Hoodie \u201eSWN \u2013 Stimmt was Nicht\u201c \u2013 Schwarz<\/strong><\/h3>\n<p data-start=\"170\" data-end=\"362\">Dieser Hoody sagt, was viele denken.<br data-start=\"206\" data-end=\"209\" \/>Schwarz. Klar. Unbequem ehrlich.<br data-start=\"241\" data-end=\"244\" \/>F\u00fcr alle, die Haltung tragen \u2013 kompromisslos &amp; echt.<\/p>","protected":false},"featured_media":557,"comment_status":"open","ping_status":"closed","template":"","meta":[],"product_brand":[],"product_cat":[27,21,26],"product_tag":[],"class_list":{"0":"post-554","1":"product","2":"type-product","3":"status-publish","4":"has-post-thumbnail","6":"product_cat-men","7":"product_cat-unisex","8":"product_cat-women","10":"first","11":"instock","12":"shipping-taxable","13":"purchasable","14":"product-type-variable"},"_links":{"self":[{"href":"https:\/\/tonyhannya.com\/fr\/wp-json\/wp\/v2\/product\/554","targetHints":{"allow":["GET"]}}],"collection":[{"href":"https:\/\/tonyhannya.com\/fr\/wp-json\/wp\/v2\/product"}],"about":[{"href":"https:\/\/tonyhannya.com\/fr\/wp-json\/wp\/v2\/types\/product"}],"replies":[{"embeddable":true,"href":"https:\/\/tonyhannya.com\/fr\/wp-json\/wp\/v2\/comments?post=554"}],"wp:featuredmedia":[{"embeddable":true,"href":"https:\/\/tonyhannya.com\/fr\/wp-json\/wp\/v2\/media\/557"}],"wp:attachment":[{"href":"https:\/\/tonyhannya.com\/fr\/wp-json\/wp\/v2\/media?parent=554"}],"wp:term":[{"taxonomy":"product_brand","embeddable":true,"href":"https:\/\/tonyhannya.com\/fr\/wp-json\/wp\/v2\/product_brand?post=554"},{"taxonomy":"product_cat","embeddable":true,"href":"https:\/\/tonyhannya.com\/fr\/wp-json\/wp\/v2\/product_cat?post=554"},{"taxonomy":"product_tag","embeddable":true,"href":"https:\/\/tonyhannya.com\/fr\/wp-json\/wp\/v2\/product_tag?post=554"}],"curies":[{"name":"wp","href":"https:\/\/api.w.org\/{rel}","templated":true}]}}