{"id":568,"date":"2025-07-09T06:42:29","date_gmt":"2025-07-09T06:42:29","guid":{"rendered":"https:\/\/tonyhannya.com\/?post_type=product&#038;p=568"},"modified":"2025-07-09T07:13:25","modified_gmt":"2025-07-09T07:13:25","slug":"t-shirt-rfo-schwarz-rave-fucking-on","status":"publish","type":"product","link":"https:\/\/tonyhannya.com\/fr\/produit\/t-shirt-rfo-schwarz-rave-fucking-on\/","title":{"rendered":"T-shirt RFO noir"},"content":{"rendered":"<h3 data-start=\"156\" data-end=\"184\"><strong data-start=\"160\" data-end=\"184\">Description du produit :<\/strong><\/h3>\n<p data-start=\"186\" data-end=\"470\">Pr\u00eat pour la sueur, la basse et le bord clair.<br data-start=\"227\" data-end=\"230\" \/>Avec le <strong data-start=\"238\" data-end=\"273\">\"RFO - RAVE FUCKING ON\" T-shirt<\/strong> tu portes ton attitude sur ta poitrine : sans compromis, directe, sans tenir compte des esprits discrets.<br data-start=\"373\" data-end=\"376\" \/>Ce t-shirt n'est pas sympa - il est authentique. Et c'est ce qui fait la diff\u00e9rence sur chaque dancefloor.<\/p>\n<ul data-start=\"472\" data-end=\"913\">\n<li data-start=\"472\" data-end=\"550\">\n<p data-start=\"474\" data-end=\"550\">T-shirt noir avec <strong data-start=\"496\" data-end=\"548\">\u00a0\"D\u00e9claration frontale \"RAVE FUCKING ON<\/strong><\/p>\n<\/li>\n<li data-start=\"551\" data-end=\"594\">\n<p data-start=\"553\" data-end=\"594\">Coupe classique - confortable &amp; droite<\/p>\n<\/li>\n<li data-start=\"595\" data-end=\"661\">\n<p data-start=\"597\" data-end=\"661\">Tissu en coton doux et ind\u00e9formable - fait pour les longues nuits<\/p>\n<\/li>\n<li data-start=\"662\" data-end=\"723\">\n<p data-start=\"664\" data-end=\"723\">Respirant &amp; confortable sur la peau - m\u00eame \u00e0 180 BPM<\/p>\n<\/li>\n<li data-start=\"724\" data-end=\"795\">\n<p data-start=\"726\" data-end=\"795\">Broderie de haute qualit\u00e9 - pas d'impression, pas de lavage, pas de compromis<\/p>\n<\/li>\n<li data-start=\"796\" data-end=\"844\">\n<p data-start=\"798\" data-end=\"844\">Unisexe - parce que le rythme nous rend tous \u00e9gaux<\/p>\n<\/li>\n<li data-start=\"845\" data-end=\"913\">\n<p data-start=\"847\" data-end=\"913\">Pour les clubs, les raves ou la vie quotidienne - quand ton quotidien sonne comme une grosse caisse<\/p>\n<\/li>\n<\/ul>\n<h3 data-start=\"920\" data-end=\"941\"><strong data-start=\"924\" data-end=\"939\">Conseil de style :<\/strong><\/h3>\n<p data-start=\"942\" data-end=\"1041\">Porte-le avec un jean d\u00e9chir\u00e9, un short ou sous un bomber - peu importe : La d\u00e9claration est parfaite.<\/p>\n<h3 data-start=\"1048\" data-end=\"1067\"><strong data-start=\"1052\" data-end=\"1065\">mat\u00e9riel :<\/strong><\/h3>\n<p data-start=\"1068\" data-end=\"1119\">100 Coton % - robuste, respirant, \u00e9prouv\u00e9 par les raves<\/p>\n<h3 data-start=\"1126\" data-end=\"1150\"><strong data-start=\"1130\" data-end=\"1148\">Conseils d'entretien :<\/strong><\/h3>\n<p data-start=\"1151\" data-end=\"1274\">Lavage en machine \u00e0 30 \u00b0C - laver \u00e0 l'envers, ne pas repasser la broderie, pas de s\u00e8che-linge. Bruyant reste bruyant - m\u00eame apr\u00e8s le lavage.<\/p>","protected":false},"excerpt":{"rendered":"<h3 data-start=\"123\" data-end=\"172\"><strong data-start=\"127\" data-end=\"172\">-Shirt \u201eRFO \u2013 RAVE FUCKING ON\u201c \u2013 Schwarz<\/strong><\/h3>\n<p data-start=\"174\" data-end=\"382\">Laut. Klar. Direkt vom Beat inspiriert.<br data-start=\"213\" data-end=\"216\" \/>Schwarzes Shirt mit fettem Spruch \u2013 Qualit\u00e4t, kein Blabla.<br data-start=\"281\" data-end=\"284\" \/>Weiche Baumwolle, starker Look, unmissverst\u00e4ndlich.<br data-start=\"335\" data-end=\"338\" \/><strong data-start=\"338\" data-end=\"382\">Rave Fucking On \u2013 jeden Tag, jede Nacht.<\/strong><\/p>","protected":false},"featured_media":572,"comment_status":"open","ping_status":"closed","template":"","meta":[],"product_brand":[],"product_cat":[27,21,26],"product_tag":[],"class_list":{"0":"post-568","1":"product","2":"type-product","3":"status-publish","4":"has-post-thumbnail","6":"product_cat-men","7":"product_cat-unisex","8":"product_cat-women","10":"first","11":"instock","12":"shipping-taxable","13":"purchasable","14":"product-type-variable"},"_links":{"self":[{"href":"https:\/\/tonyhannya.com\/fr\/wp-json\/wp\/v2\/product\/568","targetHints":{"allow":["GET"]}}],"collection":[{"href":"https:\/\/tonyhannya.com\/fr\/wp-json\/wp\/v2\/product"}],"about":[{"href":"https:\/\/tonyhannya.com\/fr\/wp-json\/wp\/v2\/types\/product"}],"replies":[{"embeddable":true,"href":"https:\/\/tonyhannya.com\/fr\/wp-json\/wp\/v2\/comments?post=568"}],"wp:featuredmedia":[{"embeddable":true,"href":"https:\/\/tonyhannya.com\/fr\/wp-json\/wp\/v2\/media\/572"}],"wp:attachment":[{"href":"https:\/\/tonyhannya.com\/fr\/wp-json\/wp\/v2\/media?parent=568"}],"wp:term":[{"taxonomy":"product_brand","embeddable":true,"href":"https:\/\/tonyhannya.com\/fr\/wp-json\/wp\/v2\/product_brand?post=568"},{"taxonomy":"product_cat","embeddable":true,"href":"https:\/\/tonyhannya.com\/fr\/wp-json\/wp\/v2\/product_cat?post=568"},{"taxonomy":"product_tag","embeddable":true,"href":"https:\/\/tonyhannya.com\/fr\/wp-json\/wp\/v2\/product_tag?post=568"}],"curies":[{"name":"wp","href":"https:\/\/api.w.org\/{rel}","templated":true}]}}