{"id":574,"date":"2025-07-09T07:13:46","date_gmt":"2025-07-09T07:13:46","guid":{"rendered":"https:\/\/tonyhannya.com\/?post_type=product&#038;p=574"},"modified":"2025-07-11T12:45:38","modified_gmt":"2025-07-11T12:45:38","slug":"cap-htidf-schwarz","status":"publish","type":"product","link":"https:\/\/tonyhannya.com\/fr\/produit\/cap-htidf-schwarz\/","title":{"rendered":"CAP HTIDF Noir"},"content":{"rendered":"<h3 data-start=\"164\" data-end=\"192\"><strong data-start=\"168\" data-end=\"192\">Description du produit :<\/strong><\/h3>\n<p data-start=\"194\" data-end=\"451\">En plein visage - tout comme le son.<br data-start=\"235\" data-end=\"238\" \/>Le site <strong data-start=\"242\" data-end=\"285\">Casquette \"HTIDF - Hard Techno dans la gueule\".<\/strong> n'est pas un accessoire. Elle est une annonce.<br data-start=\"327\" data-end=\"330\" \/>Noire, forte et brod\u00e9e au point : Cette casquette a sa place sur la t\u00eate de ceux qui ne chuchotent pas - mais qui livrent.<\/p>\n<ul data-start=\"453\" data-end=\"864\">\n<li data-start=\"453\" data-end=\"536\">\n<p data-start=\"455\" data-end=\"536\">Casquette de baseball noire avec <strong data-start=\"476\" data-end=\"505\">d\u00e9claration frontale brod\u00e9e<\/strong>: <em data-start=\"507\" data-end=\"534\">HARD TECHNO DANS LA GUEULE<\/em><\/p>\n<\/li>\n<li data-start=\"537\" data-end=\"602\">\n<p data-start=\"539\" data-end=\"602\">Tissu en coton r\u00e9sistant - robuste &amp; agr\u00e9able \u00e0 porter<\/p>\n<\/li>\n<li data-start=\"603\" data-end=\"658\">\n<p data-start=\"605\" data-end=\"658\">Forme classique \u00e0 6 panneaux avec visi\u00e8re l\u00e9g\u00e8rement courb\u00e9e<\/p>\n<\/li>\n<li data-start=\"659\" data-end=\"714\">\n<p data-start=\"661\" data-end=\"714\">s'adapte \u00e0 toi<\/p>\n<\/li>\n<li data-start=\"715\" data-end=\"767\">\n<p data-start=\"717\" data-end=\"767\">Broderie de haute qualit\u00e9 - pas d'impression, pas de lavage<\/p>\n<\/li>\n<li data-start=\"768\" data-end=\"813\">\n<p data-start=\"770\" data-end=\"813\">Unisexe - parce que le rythme ne conna\u00eet pas de r\u00e8gles<\/p>\n<\/li>\n<li data-start=\"814\" data-end=\"864\">\n<p data-start=\"816\" data-end=\"864\">Pour la rue, les clubs &amp; les afterhours - toujours avec attitude<\/p>\n<\/li>\n<\/ul>\n<h3 data-start=\"871\" data-end=\"892\"><strong data-start=\"875\" data-end=\"890\">Conseil de style :<\/strong><\/h3>\n<p data-start=\"893\" data-end=\"995\">Combine la casquette avec un bomber, un t-shirt noir et l'attitude : je ne suis pas l\u00e0 pour faire la conversation.<\/p>\n<h3 data-start=\"1002\" data-end=\"1021\"><strong data-start=\"1006\" data-end=\"1019\">mat\u00e9riel :<\/strong><\/h3>\n<p data-start=\"1022\" data-end=\"1079\">100 % coton - respirant, r\u00e9sistant, confortable<\/p>\n<h3 data-start=\"1086\" data-end=\"1110\"><strong data-start=\"1090\" data-end=\"1108\">Conseils d'entretien :<\/strong><\/h3>\n<p data-start=\"1111\" data-end=\"1236\">Nettoyer avec un chiffon humide - ne pas repasser le stick, ne pas mettre dans la machine \u00e0 laver. Cette casquette veut \u00eatre port\u00e9e - pas g\u00e2t\u00e9e.<\/p>","protected":false},"excerpt":{"rendered":"<h3 data-start=\"184\" data-end=\"241\"><strong data-start=\"188\" data-end=\"241\">Cap \u201eHTIDF \u2013 Hard Techno in die Fresse\u201c \u2013 Schwarz<\/strong><\/h3>\n<p data-start=\"243\" data-end=\"435\">Einheitliche Gr\u00f6\u00dfe<\/p>\n<p data-start=\"243\" data-end=\"435\">Schwarz. Hart. Unmissverst\u00e4ndlich.<br data-start=\"277\" data-end=\"280\" \/>Gesticktes Statement vorne \u2013 kein Druck, kein Kompromiss.<br data-start=\"337\" data-end=\"340\" \/>Robust,\u00a0 voll auf die Zw\u00f6lf.<br data-start=\"380\" data-end=\"383\" \/><strong data-start=\"383\" data-end=\"433\">F\u00fcr alle, die ihren Sound auf dem Kopf tragen.<\/strong><\/p>","protected":false},"featured_media":578,"comment_status":"open","ping_status":"closed","template":"","meta":[],"product_brand":[],"product_cat":[27,21,26],"product_tag":[],"class_list":{"0":"post-574","1":"product","2":"type-product","3":"status-publish","4":"has-post-thumbnail","6":"product_cat-men","7":"product_cat-unisex","8":"product_cat-women","10":"first","11":"instock","12":"shipping-taxable","13":"purchasable","14":"product-type-simple"},"_links":{"self":[{"href":"https:\/\/tonyhannya.com\/fr\/wp-json\/wp\/v2\/product\/574","targetHints":{"allow":["GET"]}}],"collection":[{"href":"https:\/\/tonyhannya.com\/fr\/wp-json\/wp\/v2\/product"}],"about":[{"href":"https:\/\/tonyhannya.com\/fr\/wp-json\/wp\/v2\/types\/product"}],"replies":[{"embeddable":true,"href":"https:\/\/tonyhannya.com\/fr\/wp-json\/wp\/v2\/comments?post=574"}],"wp:featuredmedia":[{"embeddable":true,"href":"https:\/\/tonyhannya.com\/fr\/wp-json\/wp\/v2\/media\/578"}],"wp:attachment":[{"href":"https:\/\/tonyhannya.com\/fr\/wp-json\/wp\/v2\/media?parent=574"}],"wp:term":[{"taxonomy":"product_brand","embeddable":true,"href":"https:\/\/tonyhannya.com\/fr\/wp-json\/wp\/v2\/product_brand?post=574"},{"taxonomy":"product_cat","embeddable":true,"href":"https:\/\/tonyhannya.com\/fr\/wp-json\/wp\/v2\/product_cat?post=574"},{"taxonomy":"product_tag","embeddable":true,"href":"https:\/\/tonyhannya.com\/fr\/wp-json\/wp\/v2\/product_tag?post=574"}],"curies":[{"name":"wp","href":"https:\/\/api.w.org\/{rel}","templated":true}]}}